{"id":60,"date":"2015-03-18T12:47:18","date_gmt":"2015-03-18T11:47:18","guid":{"rendered":"http:\/\/www.vovinam.cat\/?page_id=60"},"modified":"2025-03-31T10:17:39","modified_gmt":"2025-03-31T08:17:39","slug":"i-on-puc-aprendre","status":"publish","type":"page","link":"https:\/\/www.vovinam.cat\/?page_id=60","title":{"rendered":"I&#8230; on en puc aprendre?"},"content":{"rendered":"<p style=\"text-align: left;\"><strong>Pavell\u00f3 Poliesportiu Municipal de Santa Perp\u00e8tua de Mogoda<a href=\"http:\/\/www.vovinam.cat\/wp-content\/uploads\/2025\/03\/LOGO_STA_PEPA.gif\"><img loading=\"lazy\" decoding=\"async\" class=\"  alignright wp-image-316 \" src=\"http:\/\/www.vovinam.cat\/wp-content\/uploads\/2025\/03\/LOGO_STA_PEPA.gif\" alt=\"\" width=\"376\" height=\"266\" \/><br \/>\n<\/a><\/strong><\/p>\n<p style=\"text-align: left;\"><a tabindex=\"0\" href=\"https:\/\/www.google.com\/maps\/place\/\/data=!4m2!3m1!1s0x12a4be59b2ec8835:0xcf623ca814749b65?sa=X&amp;ved=1t:8290&amp;ictx=111\" data-url=\"\/maps\/place\/\/data=!4m2!3m1!1s0x12a4be59b2ec8835:0xcf623ca814749b65?sa=X&amp;ved=2ahUKEwi1iJyTwKKMAxVsVfEDHSiHEP4Q4kB6BAgGEAA\">Avinguda de Girona, 7, 08130 Santa Perp\u00e8tua de Mogoda, Barcelona<\/a><\/p>\n<p style=\"text-align: left;\"><a href=\"mailto:vietvodaocat@gmail.com\"><i>vietvodaocat@gmail.com<\/i><\/a><\/p>\n<p style=\"text-align: left;\">Mestre: Toni Morales Gatell (5\u00e8 Dang).<\/p>\n<p style=\"text-align: left;\"><strong><em>Dilluns, Dimecres i Divendres de 20:00 a 21:30 (adults)<\/em><\/strong><\/p>\n<p><strong><em>Dilluns, Dimecres i Divendres de 19:00 a 20:00 (infantil)<\/em><\/strong><\/p>\n","protected":false},"excerpt":{"rendered":"<p>Pavell\u00f3 Poliesportiu Municipal de Santa Perp\u00e8tua de Mogoda Avinguda de Girona, 7, 08130 Santa Perp\u00e8tua de Mogoda, Barcelona vietvodaocat@gmail.com Mestre: Toni Morales Gatell (5\u00e8 Dang). Dilluns, Dimecres i Divendres de 20:00 a 21:30 (adults) Dilluns, Dimecres i Divendres de 19:00 a 20:00 (infantil)<\/p>\n","protected":false},"author":1,"featured_media":0,"parent":0,"menu_order":0,"comment_status":"closed","ping_status":"closed","template":"","meta":{"footnotes":""},"class_list":["post-60","page","type-page","status-publish","hentry"],"_links":{"self":[{"href":"https:\/\/www.vovinam.cat\/index.php?rest_route=\/wp\/v2\/pages\/60","targetHints":{"allow":["GET"]}}],"collection":[{"href":"https:\/\/www.vovinam.cat\/index.php?rest_route=\/wp\/v2\/pages"}],"about":[{"href":"https:\/\/www.vovinam.cat\/index.php?rest_route=\/wp\/v2\/types\/page"}],"author":[{"embeddable":true,"href":"https:\/\/www.vovinam.cat\/index.php?rest_route=\/wp\/v2\/users\/1"}],"replies":[{"embeddable":true,"href":"https:\/\/www.vovinam.cat\/index.php?rest_route=%2Fwp%2Fv2%2Fcomments&post=60"}],"version-history":[{"count":11,"href":"https:\/\/www.vovinam.cat\/index.php?rest_route=\/wp\/v2\/pages\/60\/revisions"}],"predecessor-version":[{"id":355,"href":"https:\/\/www.vovinam.cat\/index.php?rest_route=\/wp\/v2\/pages\/60\/revisions\/355"}],"wp:attachment":[{"href":"https:\/\/www.vovinam.cat\/index.php?rest_route=%2Fwp%2Fv2%2Fmedia&parent=60"}],"curies":[{"name":"wp","href":"https:\/\/api.w.org\/{rel}","templated":true}]}}