{"id":2,"date":"2015-03-17T16:05:36","date_gmt":"2015-03-17T16:05:36","guid":{"rendered":"http:\/\/www.vovinam.cat\/?page_id=2"},"modified":"2025-03-24T12:36:51","modified_gmt":"2025-03-24T11:36:51","slug":"pagina-ejemplo","status":"publish","type":"page","link":"https:\/\/www.vovinam.cat\/","title":{"rendered":"Qui som"},"content":{"rendered":"<p data-pm-slice=\"1 1 []\">L&#8217;Associaci\u00f3 de Vovinam Viet Vo Dao Catalunya neix l&#8217;any 1998 de la m\u00e0 del Director T\u00e8cnic Nacional Antonio Morales Gatell (5\u00e8 DANG). Amb molt esfor\u00e7 i treball va anar agafant forma i en poc m\u00e9s d&#8217;un lustre ja comptaven amb gent suficient per a organitzar exhibicions i cursets.<\/p>\n<p>Som una Associaci\u00f3 registrada en el registre nacional d&#8217;associacions i pertanyem a Vovinam Espanya, l&#8217;\u00fanica associaci\u00f3 espanyola de Vovinam reconeguda per la WVVF (World Vovinam Federation) i la EVVF (European Vovinam Federation), de manera que tots els nostres alumnes i professors estan degudament reconeguts per aquestes federacions.<\/p>\n<p>El nostre objectiu \u00e9s fomentar el Vovinam a tots els racons del pa\u00eds mitjan\u00e7ant classes regulars o cursets. Amb l&#8217;aprenentatge del Vovinam el practicant assoleix una visi\u00f3 dels problemes molt diferent. Apr\u00e8n com fer-los front i com evitar-los.<\/p>\n<p style=\"text-align: justify;\"><a href=\"http:\/\/www.vovinam.cat\/wp-content\/uploads\/2025\/03\/logo_VOVINAM_catalunya_groc-1.png\"><img loading=\"lazy\" decoding=\"async\" class=\"wp-image-330 alignleft\" src=\"http:\/\/www.vovinam.cat\/wp-content\/uploads\/2025\/03\/logo_VOVINAM_catalunya_groc-1.png\" alt=\"\" width=\"180\" height=\"180\" srcset=\"https:\/\/www.vovinam.cat\/wp-content\/uploads\/2025\/03\/logo_VOVINAM_catalunya_groc-1.png 3341w, https:\/\/www.vovinam.cat\/wp-content\/uploads\/2025\/03\/logo_VOVINAM_catalunya_groc-1-300x300.png 300w, https:\/\/www.vovinam.cat\/wp-content\/uploads\/2025\/03\/logo_VOVINAM_catalunya_groc-1-1024x1024.png 1024w, https:\/\/www.vovinam.cat\/wp-content\/uploads\/2025\/03\/logo_VOVINAM_catalunya_groc-1-150x150.png 150w, https:\/\/www.vovinam.cat\/wp-content\/uploads\/2025\/03\/logo_VOVINAM_catalunya_groc-1-768x768.png 768w, https:\/\/www.vovinam.cat\/wp-content\/uploads\/2025\/03\/logo_VOVINAM_catalunya_groc-1-1536x1536.png 1536w, https:\/\/www.vovinam.cat\/wp-content\/uploads\/2025\/03\/logo_VOVINAM_catalunya_groc-1-2048x2048.png 2048w\" sizes=\"auto, (max-width: 180px) 100vw, 180px\" \/><\/a> \u00a0 <img loading=\"lazy\" decoding=\"async\" class=\"wp-image-327 alignleft\" src=\"http:\/\/www.vovinam.cat\/wp-content\/uploads\/2025\/03\/EVVF-Logo-png.png\" alt=\"\" width=\"181\" height=\"181\" srcset=\"https:\/\/www.vovinam.cat\/wp-content\/uploads\/2025\/03\/EVVF-Logo-png.png 1300w, https:\/\/www.vovinam.cat\/wp-content\/uploads\/2025\/03\/EVVF-Logo-png-300x300.png 300w, https:\/\/www.vovinam.cat\/wp-content\/uploads\/2025\/03\/EVVF-Logo-png-1024x1024.png 1024w, https:\/\/www.vovinam.cat\/wp-content\/uploads\/2025\/03\/EVVF-Logo-png-150x150.png 150w, https:\/\/www.vovinam.cat\/wp-content\/uploads\/2025\/03\/EVVF-Logo-png-768x768.png 768w\" sizes=\"auto, (max-width: 181px) 100vw, 181px\" \/> \u00a0<img loading=\"lazy\" decoding=\"async\" class=\"wp-image-328 alignleft\" src=\"http:\/\/www.vovinam.cat\/wp-content\/uploads\/2025\/03\/WVVFpng.png\" alt=\"\" width=\"185\" height=\"185\" srcset=\"https:\/\/www.vovinam.cat\/wp-content\/uploads\/2025\/03\/WVVFpng.png 630w, https:\/\/www.vovinam.cat\/wp-content\/uploads\/2025\/03\/WVVFpng-300x300.png 300w, https:\/\/www.vovinam.cat\/wp-content\/uploads\/2025\/03\/WVVFpng-150x150.png 150w\" sizes=\"auto, (max-width: 185px) 100vw, 185px\" \/><\/p>\n<p>&nbsp;<\/p>\n<p>&nbsp;<\/p>\n","protected":false},"excerpt":{"rendered":"<p>L&#8217;Associaci\u00f3 de Vovinam Viet Vo Dao Catalunya neix l&#8217;any 1998 de la m\u00e0 del Director T\u00e8cnic Nacional Antonio Morales Gatell (5\u00e8 DANG). Amb molt esfor\u00e7 i treball va anar agafant forma i en poc m\u00e9s d&#8217;un lustre ja comptaven amb gent suficient per a organitzar exhibicions i cursets. Som una Associaci\u00f3 registrada en el registre<\/p>\n","protected":false},"author":1,"featured_media":0,"parent":0,"menu_order":0,"comment_status":"closed","ping_status":"open","template":"","meta":{"footnotes":""},"class_list":["post-2","page","type-page","status-publish","hentry"],"_links":{"self":[{"href":"https:\/\/www.vovinam.cat\/index.php?rest_route=\/wp\/v2\/pages\/2","targetHints":{"allow":["GET"]}}],"collection":[{"href":"https:\/\/www.vovinam.cat\/index.php?rest_route=\/wp\/v2\/pages"}],"about":[{"href":"https:\/\/www.vovinam.cat\/index.php?rest_route=\/wp\/v2\/types\/page"}],"author":[{"embeddable":true,"href":"https:\/\/www.vovinam.cat\/index.php?rest_route=\/wp\/v2\/users\/1"}],"replies":[{"embeddable":true,"href":"https:\/\/www.vovinam.cat\/index.php?rest_route=%2Fwp%2Fv2%2Fcomments&post=2"}],"version-history":[{"count":7,"href":"https:\/\/www.vovinam.cat\/index.php?rest_route=\/wp\/v2\/pages\/2\/revisions"}],"predecessor-version":[{"id":332,"href":"https:\/\/www.vovinam.cat\/index.php?rest_route=\/wp\/v2\/pages\/2\/revisions\/332"}],"wp:attachment":[{"href":"https:\/\/www.vovinam.cat\/index.php?rest_route=%2Fwp%2Fv2%2Fmedia&parent=2"}],"curies":[{"name":"wp","href":"https:\/\/api.w.org\/{rel}","templated":true}]}}