{"id":88,"date":"2015-03-18T13:35:17","date_gmt":"2015-03-18T12:35:17","guid":{"rendered":"http:\/\/www.vovinam.cat\/?page_id=88"},"modified":"2015-03-18T13:35:53","modified_gmt":"2015-03-18T12:35:53","slug":"pagines-amigues","status":"publish","type":"page","link":"http:\/\/www.vovinam.cat\/?page_id=88","title":{"rendered":"P\u00e0gines amigues"},"content":{"rendered":"<p>Asociaci\u00f3n Vovinam Espa\u00f1a: <a href=\"http:\/\/www.vovinam.es\">www.vovinam.es<\/a><\/p>\n<p>World Vovinam federation:\u00a0<a title=\"WVVF\" href=\"https:\/\/www.facebook.com\/WorldVovinamFederation\">https:\/\/www.facebook.com\/WorldVovinamFederation<\/a><\/p>\n<p>European Vovinam Federation:\u00a0<a href=\"http:\/\/www.vovinam-evvf.eu\/\">www.vovinam-evvf.eu<\/a><\/p>\n<p>Vo Duong Gorla Milano:\u00a0<a href=\"http:\/\/www.vovinamilano.it\/\" target=\"_blank\" rel=\"nofollow\" data-reactid=\".3i.$mid=11426681638183=29ddbd6afcfb5ffe914.2:0.0.0.0.0.0.$range0:0\">www.vovinamilano.it<\/a><span data-reactid=\".3i.$mid=11426681638183=29ddbd6afcfb5ffe914.2:0.0.0.0.0.0.$text1:0:$0:0\">\u00a0<\/span><\/p>\n<p>Vovinam Italy National website:\u00a0<a href=\"http:\/\/www.vovinamvietvodao.it\/\" target=\"_blank\" rel=\"nofollow\" data-reactid=\".3i.$mid=11426681638183=29ddbd6afcfb5ffe914.2:0.0.0.0.0.0.$range1:0\">www.vovinamvietvodao.it<\/a><span data-reactid=\".3i.$mid=11426681638183=29ddbd6afcfb5ffe914.2:0.0.0.0.0.0.$end:0:$0:0\">\u00a0<\/span><\/p>\n<p>&nbsp;<\/p>\n<p>Si vols publicar la teva web, envian&#8217;s el teu logo y el link!!!<\/p>\n","protected":false},"excerpt":{"rendered":"<p>Asociaci\u00f3n Vovinam Espa\u00f1a: www.vovinam.es World Vovinam federation:\u00a0https:\/\/www.facebook.com\/WorldVovinamFederation European Vovinam Federation:\u00a0www.vovinam-evvf.eu Vo Duong Gorla Milano:\u00a0www.vovinamilano.it\u00a0 Vovinam Italy National website:\u00a0www.vovinamvietvodao.it\u00a0 &nbsp; Si vols publicar la teva web, envian&#8217;s el teu logo y el link!!!<\/p>\n","protected":false},"author":1,"featured_media":0,"parent":0,"menu_order":0,"comment_status":"closed","ping_status":"closed","template":"","meta":{"footnotes":""},"class_list":["post-88","page","type-page","status-publish","hentry"],"_links":{"self":[{"href":"http:\/\/www.vovinam.cat\/index.php?rest_route=\/wp\/v2\/pages\/88","targetHints":{"allow":["GET"]}}],"collection":[{"href":"http:\/\/www.vovinam.cat\/index.php?rest_route=\/wp\/v2\/pages"}],"about":[{"href":"http:\/\/www.vovinam.cat\/index.php?rest_route=\/wp\/v2\/types\/page"}],"author":[{"embeddable":true,"href":"http:\/\/www.vovinam.cat\/index.php?rest_route=\/wp\/v2\/users\/1"}],"replies":[{"embeddable":true,"href":"http:\/\/www.vovinam.cat\/index.php?rest_route=%2Fwp%2Fv2%2Fcomments&post=88"}],"version-history":[{"count":3,"href":"http:\/\/www.vovinam.cat\/index.php?rest_route=\/wp\/v2\/pages\/88\/revisions"}],"predecessor-version":[{"id":91,"href":"http:\/\/www.vovinam.cat\/index.php?rest_route=\/wp\/v2\/pages\/88\/revisions\/91"}],"wp:attachment":[{"href":"http:\/\/www.vovinam.cat\/index.php?rest_route=%2Fwp%2Fv2%2Fmedia&parent=88"}],"curies":[{"name":"wp","href":"https:\/\/api.w.org\/{rel}","templated":true}]}}